{"id":13380,"date":"2022-06-20T11:09:28","date_gmt":"2022-06-20T10:09:28","guid":{"rendered":"http:\/\/martine.tatangelo.com\/?page_id=13380"},"modified":"2022-07-29T18:46:17","modified_gmt":"2022-07-29T17:46:17","slug":"camping-car-renault-keraz","status":"publish","type":"page","link":"https:\/\/martine.tatangelo.com\/index.php\/camping-car-renault-keraz\/","title":{"rendered":"Construction du nouveau camion d&rsquo;exp\u00e9dition RENAULT KERAZ"},"content":{"rendered":"<p>Notre nouveau projet\u00a0: Construire une cellule sur un RENAULT Keraz<\/p>\n<p>2010\u00a0: c\u2019\u00e9tait notre 1<sup>er<\/sup> d\u00e9fi, construire un camping-car sur un camion benne, un RENAULT JP150 de 1992 et en mars 2012, nous faisions nos 1<sup>er<\/sup> 1000kms. Nous l\u2019avons vendu d\u00e9but 2019 apr\u00e8s avoir fait 110\u00a0000 km et l\u2019Am\u00e9rique du Sud.<\/p>\n<p>Pourquoi avoir vendu Thanasinh me direz-vous\u00a0?<\/p>\n<p>Parce que la famille s\u2019est agrandie et nos petits-enfants grandissent, nous aimerions pouvoir leur faire profiter de nos voyages. D\u00e9j\u00e0, nous les emmenons avec nous avec le RMB\u00a0 (et ils adorent) mais ce serait formidable de pouvoir les emmener dans les contr\u00e9es lointaines et aussi parce que nous avons 12 ans de plus et nous voulions un camion plus accessible &#8230;.<\/p>\n<p>2022\u00a0: donc notre 2<sup>\u00e8me<\/sup> d\u00e9fi sera de construire \u00a0un nouveau camping-car sur un camion pompier, un RENAULT KERAZ de 45000kms, 19 tonnes, ann\u00e9e 2003. Nous l\u2019avons achet\u00e9 \u00e0 la Seyne sur Mer \u00e0 un passionn\u00e9 de camions pompiers, Christophe. Il en a pas moins de 35 !<\/p>\n<p><a href=\"http:\/\/martine.tatangelo.com\/wp-content\/uploads\/2022\/04\/IMG_4855.jpg\" rel=\"attachment wp-att-13382\"><img loading=\"lazy\" decoding=\"async\" class=\"aligncenter size-full wp-image-13382\" src=\"http:\/\/martine.tatangelo.com\/wp-content\/uploads\/2022\/04\/IMG_4855.jpg\" alt=\"IMG_4855\" width=\"1512\" height=\"2016\" srcset=\"https:\/\/martine.tatangelo.com\/wp-content\/uploads\/2022\/04\/IMG_4855.jpg 1512w, https:\/\/martine.tatangelo.com\/wp-content\/uploads\/2022\/04\/IMG_4855-400x533.jpg 400w, https:\/\/martine.tatangelo.com\/wp-content\/uploads\/2022\/04\/IMG_4855-768x1024.jpg 768w\" sizes=\"auto, (max-width: 1512px) 100vw, 1512px\" \/><\/a><a href=\"http:\/\/martine.tatangelo.com\/wp-content\/uploads\/2022\/04\/IMG_4862.jpg\" rel=\"attachment wp-att-13383\"><img loading=\"lazy\" decoding=\"async\" class=\"aligncenter size-full wp-image-13383\" src=\"http:\/\/martine.tatangelo.com\/wp-content\/uploads\/2022\/04\/IMG_4862.jpg\" alt=\"IMG_4862\" width=\"2016\" height=\"1512\" srcset=\"https:\/\/martine.tatangelo.com\/wp-content\/uploads\/2022\/04\/IMG_4862.jpg 2016w, https:\/\/martine.tatangelo.com\/wp-content\/uploads\/2022\/04\/IMG_4862-400x300.jpg 400w, https:\/\/martine.tatangelo.com\/wp-content\/uploads\/2022\/04\/IMG_4862-768x576.jpg 768w, https:\/\/martine.tatangelo.com\/wp-content\/uploads\/2022\/04\/IMG_4862-1024x768.jpg 1024w\" sizes=\"auto, (max-width: 2016px) 100vw, 2016px\" \/><\/a><a href=\"http:\/\/martine.tatangelo.com\/wp-content\/uploads\/2022\/04\/IMG_4872.jpg\" rel=\"attachment wp-att-13384\"><img loading=\"lazy\" decoding=\"async\" class=\"aligncenter size-full wp-image-13384\" src=\"http:\/\/martine.tatangelo.com\/wp-content\/uploads\/2022\/04\/IMG_4872.jpg\" alt=\"IMG_4872\" width=\"2016\" height=\"1512\" srcset=\"https:\/\/martine.tatangelo.com\/wp-content\/uploads\/2022\/04\/IMG_4872.jpg 2016w, https:\/\/martine.tatangelo.com\/wp-content\/uploads\/2022\/04\/IMG_4872-400x300.jpg 400w, https:\/\/martine.tatangelo.com\/wp-content\/uploads\/2022\/04\/IMG_4872-768x576.jpg 768w, https:\/\/martine.tatangelo.com\/wp-content\/uploads\/2022\/04\/IMG_4872-1024x768.jpg 1024w\" sizes=\"auto, (max-width: 2016px) 100vw, 2016px\" \/><\/a><\/p>\n<p>Il devra \u00eatre am\u00e9lior\u00e9 par rapport \u00e0 Thanasinh sur l&rsquo;accessibilit\u00e9, nous ne voulons plus d&rsquo;un escalier m\u00e9tallique sous ch\u00e2ssis. L&rsquo;\u00e9paule de G\u00e9rard d\u00e9clare forfait et moi de grimper dans la cabine, \u00e7a devient dur.<\/p>\n<p>Vous pourrez suivre la transformation du camion en camping-car dans les prochains articles.<\/p>\n<p><a href=\"http:\/\/martine.tatangelo.com\/wp-content\/uploads\/2022\/04\/IMG_4923.jpg\" rel=\"attachment wp-att-13389\"><br \/><\/a><a href=\"http:\/\/martine.tatangelo.com\/wp-content\/uploads\/2022\/04\/IMG_4922.jpg\" rel=\"attachment wp-att-13388\"><br \/><\/a><a href=\"http:\/\/martine.tatangelo.com\/wp-content\/uploads\/2022\/04\/IMG_4925.jpg\" rel=\"attachment wp-att-13385\"><br \/><\/a><a href=\"http:\/\/martine.tatangelo.com\/wp-content\/uploads\/2022\/04\/IMG_4920.jpg\" rel=\"attachment wp-att-13387\"><br \/><\/a><a href=\"http:\/\/martine.tatangelo.com\/wp-content\/uploads\/2022\/04\/IMG_4926.jpg\" rel=\"attachment wp-att-13386\"><br \/><\/a><\/p>\n<p><a href=\"http:\/\/martine.tatangelo.com\/wp-content\/uploads\/2022\/06\/montage7.jpg\" rel=\"attachment wp-att-13423\"><br \/><br \/><\/a><\/p>\n<p><br \/><a href=\"http:\/\/martine.tatangelo.com\/wp-content\/uploads\/2022\/06\/IMG_7258.jpg\" rel=\"attachment wp-att-13420\"><br \/><\/a><a href=\"http:\/\/martine.tatangelo.com\/wp-content\/uploads\/2022\/06\/IMG_7261-2.jpg\" rel=\"attachment wp-att-13417\"><br \/><\/a> <a href=\"http:\/\/martine.tatangelo.com\/wp-content\/uploads\/2022\/06\/IMG_7260-2.jpg\" rel=\"attachment wp-att-13418\"><br \/><\/a><\/p>\n<p>\u00a0<\/p>\n<p>\u00a0<\/p>\n\n\n<p><\/p>\n\n\n\n<p><\/p>\n\n\n\n<p><\/p>\n\n\n\n<p><\/p>\n\n\n\n<figure class=\"wp-block-gallery has-nested-images columns-default is-cropped wp-block-gallery-1 is-layout-flex wp-block-gallery-is-layout-flex\"><\/figure>\n\n\n\n<figure class=\"wp-block-gallery has-nested-images columns-default is-cropped wp-block-gallery-2 is-layout-flex wp-block-gallery-is-layout-flex\"><\/figure>\n\n\n\n<figure class=\"wp-block-gallery has-nested-images columns-default is-cropped wp-block-gallery-3 is-layout-flex wp-block-gallery-is-layout-flex\"><\/figure>\n\n\n\n<p><\/p>\n","protected":false},"excerpt":{"rendered":"<p>Notre nouveau projet\u00a0: Construire une cellule sur un RENAULT Keraz 2010\u00a0: c\u2019\u00e9tait notre 1er d\u00e9fi,&#8230;<\/p>\n","protected":false},"author":3,"featured_media":0,"parent":0,"menu_order":0,"comment_status":"closed","ping_status":"closed","template":"","meta":{"footnotes":""},"class_list":["post-13380","page","type-page","status-publish","hentry"],"_links":{"self":[{"href":"https:\/\/martine.tatangelo.com\/index.php\/wp-json\/wp\/v2\/pages\/13380","targetHints":{"allow":["GET"]}}],"collection":[{"href":"https:\/\/martine.tatangelo.com\/index.php\/wp-json\/wp\/v2\/pages"}],"about":[{"href":"https:\/\/martine.tatangelo.com\/index.php\/wp-json\/wp\/v2\/types\/page"}],"author":[{"embeddable":true,"href":"https:\/\/martine.tatangelo.com\/index.php\/wp-json\/wp\/v2\/users\/3"}],"replies":[{"embeddable":true,"href":"https:\/\/martine.tatangelo.com\/index.php\/wp-json\/wp\/v2\/comments?post=13380"}],"version-history":[{"count":28,"href":"https:\/\/martine.tatangelo.com\/index.php\/wp-json\/wp\/v2\/pages\/13380\/revisions"}],"predecessor-version":[{"id":13576,"href":"https:\/\/martine.tatangelo.com\/index.php\/wp-json\/wp\/v2\/pages\/13380\/revisions\/13576"}],"wp:attachment":[{"href":"https:\/\/martine.tatangelo.com\/index.php\/wp-json\/wp\/v2\/media?parent=13380"}],"curies":[{"name":"wp","href":"https:\/\/api.w.org\/{rel}","templated":true}]}}