{"id":4044,"date":"2010-07-03T08:30:43","date_gmt":"2010-07-03T07:30:43","guid":{"rendered":"http:\/\/martine.tatangelo.com\/index.php\/abecdaire-du-moyen-orient-turquie-syrie-jordanie-en-camping-car\/"},"modified":"2011-02-12T09:00:04","modified_gmt":"2011-02-12T08:00:04","slug":"abecdaire-du-moyen-orient-turquie-syrie-jordanie-en-camping-car","status":"publish","type":"page","link":"https:\/\/martine.tatangelo.com\/index.php\/abecdaire-du-moyen-orient-turquie-syrie-jordanie-en-camping-car\/","title":{"rendered":"Informations pratiques Moyen Orient : Turquie, Syrie et Jordanie"},"content":{"rendered":"<p><strong>A<\/strong>SSURANCE : nous sommes assur\u00e9s 3 mois \u00ab\u00a0monde\u00a0\u00bb en plus des pays not\u00e9s sur la carte verte par le cabinet Marie, l&rsquo;un des seuls assureurs qui fait le monde. Pour la Syrie et Jordanie, obligation de prendre \u00e0 la fronti\u00e8re une assurance par contre on ne connait rien des termes donc attention en cas d&rsquo;accident&#8230;. Est que nous sommes assur\u00e9s tous risques, j&rsquo;en douteALCOOL : pas de probl\u00e8me en Turquie, les Turcs raffolent du Raki, on trouve de la bi\u00e8re et m\u00eame du vin. En Syrie et Jordanie, pas d&rsquo;alcool sauf dans les grands h\u00f4tels pour touristes \u00e9trangers. Quelquefois, on peut acheter de la bi\u00e8re dans certains \u00ab\u00a0markets\u00a0\u00bb mais jamais mis en rayonsBAKCHICH : tr\u00e8s pris\u00e9 en Afrique, nous n&rsquo;avons pas eu ce probl\u00e8me pourtant bien d\u00e9velopp\u00e9 aux fronti\u00e8res syriennes.BIVOUACS : partout, sur les petits ports, en pleine nature, pr\u00e8s des sites : aucun probl\u00e8me ni de sentiment d&rsquo;ins\u00e9curit\u00e9 dans les grandes villes : les stations services<a href=\"http:\/\/martine.tatangelo.com\/wp-content\/uploads\/2009\/10\/p1040211.jpg\"><img loading=\"lazy\" decoding=\"async\" style=\"border: 0px initial initial;\" src=\"http:\/\/martine.tatangelo.com\/wp-content\/uploads\/2009\/10\/p1040211-thumb.jpg\" border=\"0\" alt=\"P1040211\" width=\"260\" height=\"159\" \/><\/a> <a href=\"http:\/\/martine.tatangelo.com\/wp-content\/uploads\/2009\/10\/p1070247.jpg\"><img loading=\"lazy\" decoding=\"async\" style=\"border: 0px initial initial;\" src=\"http:\/\/martine.tatangelo.com\/wp-content\/uploads\/2009\/10\/p1070247-thumb.jpg\" border=\"0\" alt=\"P1070247\" width=\"260\" height=\"159\" \/><\/a>CARNET DE PASSAGE EN DOUANE : inutile pour la Turquie, Syrie, JordanieCARTES ROUTIERES : les acheter avant le d\u00e9part soit\u00a0 \u00e0 l&rsquo;IGN rue de la Bo\u00e9tie \u00e0 Paris, soit par internet chez Amazon.CODE DE LA ROUTE : c&rsquo;est quoi \u00e7a ?<a href=\"http:\/\/martine.tatangelo.com\/wp-content\/uploads\/2009\/10\/p1090208.jpg\"><img loading=\"lazy\" decoding=\"async\" style=\"border: 0px initial initial;\" src=\"http:\/\/martine.tatangelo.com\/wp-content\/uploads\/2009\/10\/p1090208-thumb.jpg\" border=\"0\" alt=\"P1090208\" width=\"260\" height=\"204\" align=\"left\" \/><\/a>CAMPING : Turquie, on trouve des campings sur la c\u00f4te m\u00e9dit\u00e9ran\u00e9e, en Syrie ou Jordanie peu ou pas de campingsCAFE : le lieu de rencontre des hommesCLIMATISATION : indispensable pour un voyage l&rsquo;\u00e9t\u00e9 en camping-car mais qui dit clim&rsquo; dit groupe \u00e9lectrog\u00e8neDOUANES : il faut \u00eatre patient, tr\u00e8s patient. D&rsquo;abord l&rsquo;immigration, bureau 1 puis achat des taxes, des assurances bureau n\u00b02 puis v\u00e9rification puis police, puis douane, le tout dans un d\u00e9sordre sans nom et aucune indication. On peut passer 2 \u00e0 3 heures sans probl\u00e8me de courrir de guichet en guichet&#8230;..EAU : nous avons ravitailler dans les fontaines, les stations services ou sinon les gens nous ont donn\u00e9s de l&rsquo;eau par contre, nous avons \u00e9t\u00e9 catastroph\u00e9 par le gaspillage de l&rsquo;eau dans des pays qui en manquent cruellementFRUITS ET LEGUMES : en 3 mois, nous avons go\u00fbt\u00e9 aux cerises, p\u00eaches, prunes, qu\u00e8tches, raisins&#8230;.et les tomates, poivrons, aubergines. Le soleil leur donne un go\u00fbt exquisGAZ OIL : aucun probl\u00e8me d&rsquo;approvisionnement. En Turquie, nous avons le choix entre l&rsquo;ordinaire et l&rsquo;Euro-diesel, pr\u00e9f\u00e9rez l&rsquo;Euro-diesel. En Syrie et Jordanie, pas de choix mais nous avons eu des diff\u00e9rences de consommations importantes selon le carburant achet\u00e9 de 6 litres au 100km<a href=\"http:\/\/martine.tatangelo.com\/wp-content\/uploads\/2009\/10\/p1030862.jpg\"><img loading=\"lazy\" decoding=\"async\" style=\"border: 0px initial initial;\" src=\"http:\/\/martine.tatangelo.com\/wp-content\/uploads\/2009\/10\/p1030862-thumb.jpg\" border=\"0\" alt=\"P1030862\" width=\"260\" height=\"159\" align=\"left\" \/><\/a>GENTILLESSE : les turcs re\u00e7oivent la palme d&rsquo;or surtout la Turquie de l&rsquo;Est mais les Syriens et Jordaniens sont tr\u00e8s accueillants et sont ravis de voir des camping-cars, ce sont de \u00ab\u00a0vrais\u00a0\u00bb touristes qui se m\u00ealent \u00e0 la vie de tous les jours au contraire des tours op\u00e9rateurs.GENERATEUR ELECTRIQUE ou groupe \u00e9lectrog\u00e8ne : indispensable pour la clim&rsquo;HOUMOS : mezze \u00e0 base de pur\u00e9e de pois chiche, sur toutes les tables de la Turquie de l&rsquo;Est et la Syrie, JordanieISRAEL : en demandant les tampons sur une feuille volante, vous pouvez aller en Israel mais attention le moindre tampon israelien sur votre passeport et vous ne rentrez plus ni par la Syrie, ni par l&rsquo;Egypte, ni par le Liban&#8230;.INTERNET : on trouve partout des cyber-caf\u00e9s et c&rsquo;est tr\u00e8s pris\u00e9. Nous avons eu droit \u00e0 du mat\u00e9riel obsol\u00e8te mais aussi au dernier cri.<a href=\"http:\/\/martine.tatangelo.com\/wp-content\/uploads\/2009\/10\/p1070752.jpg\"><img loading=\"lazy\" decoding=\"async\" style=\"border: 0px initial initial;\" src=\"http:\/\/martine.tatangelo.com\/wp-content\/uploads\/2009\/10\/p1070752-thumb.jpg\" border=\"0\" alt=\"P1070752\" width=\"260\" height=\"159\" \/><\/a> <a href=\"http:\/\/martine.tatangelo.com\/wp-content\/uploads\/2009\/10\/p1070754.jpg\"><img loading=\"lazy\" decoding=\"async\" style=\"border: 0px initial initial;\" src=\"http:\/\/martine.tatangelo.com\/wp-content\/uploads\/2009\/10\/p1070754-thumb.jpg\" border=\"0\" alt=\"P1070754\" width=\"260\" height=\"159\" \/><\/a>JEUX : le bergamonKEBAB : l&rsquo;en-cas pas cher et bon que l&rsquo;on ach\u00e8te dans les bazars, au caf\u00e9 du coin&#8230;KLAXON : ce sont les rois du klaxon, pour dire bonjour, au revoir, attention, je double&#8230;..LUMINOSITE : du soleil, du soleil et encore du soleil&#8230;MONAIE : Ah que l&rsquo;euro est pratique mais on trouve des bureaux de change \u00e0 chaque fronti\u00e8reMEZZE : ce sont des petites entr\u00e9es que l&rsquo;on vous sert au resto, petites salades, olives, houmos&#8230;MUSEE : certains mus\u00e9es contiennent des merveilles mais rarement mis en valeur<a href=\"http:\/\/martine.tatangelo.com\/wp-content\/uploads\/2009\/10\/p1040342.jpg\"><img loading=\"lazy\" decoding=\"async\" style=\"border: 0px initial initial;\" src=\"http:\/\/martine.tatangelo.com\/wp-content\/uploads\/2009\/10\/p1040342-thumb.jpg\" border=\"0\" alt=\"P1040342\" width=\"155\" height=\"270\" align=\"left\" \/><\/a>MOSQUEE : chaque quartier \u00e0 sa mosqu\u00e9e et l&rsquo;appel \u00e0 la pri\u00e8re est de 5 fois par jour. Attention de ne pas stationner trop pr\u00e8s pour l&rsquo;appel de la 1\u00e8re pri\u00e8re \u00e0 4H30 le matin!MENDICITE : aucuneNIVEAU DE VIE : bon march\u00e9 en Turquie et Jordanie, tr\u00e8s bon march\u00e9 en Syrie sauf bien s\u00fbr les grands centres touristiques : Eph\u00e8se, Antalya, Marmaris, PetraNARGUILE : pipe \u00e0 eau tr\u00e8s pris\u00e9 dans les caf\u00e9sPASSEPORT : le visa syrien se fait \u00e0 Paris prendre un visa \u00e0 entr\u00e9e multiples si vous allez en Jordanie, le visa Jordanien soit \u00e0 Paris, soit \u00e0\u00a0 la fronti\u00e8re. Si vous voyagez avec un chien, obligation du passeport europ\u00e9en, on nous l&rsquo;a demand\u00e9.PANNE MECANIQUE : ce sont les rois de la d\u00e9brouille et on vous r\u00e9pare tout sans la pi\u00e8ce d&rsquo;origine n\u00b0&#8230;.<a href=\"http:\/\/martine.tatangelo.com\/wp-content\/uploads\/2009\/10\/p1090301.jpg\"><img loading=\"lazy\" decoding=\"async\" style=\"border: 0px initial initial;\" src=\"http:\/\/martine.tatangelo.com\/wp-content\/uploads\/2009\/10\/p1090301-thumb.jpg\" border=\"0\" alt=\"P1090301\" width=\"260\" height=\"159\" \/><\/a> <a href=\"http:\/\/martine.tatangelo.com\/wp-content\/uploads\/2009\/10\/p1070414.jpg\"><img loading=\"lazy\" decoding=\"async\" style=\"border: 0px initial initial;\" src=\"http:\/\/martine.tatangelo.com\/wp-content\/uploads\/2009\/10\/p1070414-thumb.jpg\" border=\"0\" alt=\"P1070414\" width=\"260\" height=\"159\" \/><\/a>POLICE : tr\u00e8s pr\u00e9sente mais avec les campings-caristes, aucun probl\u00e8me. En Turquie, Syrie : aucun contr\u00f4le seul en Jordanie, pr\u00e8s de la fronti\u00e8re israelienne, nous avons eu un contr\u00f4le de passeports et nous ont demand\u00e9 notre programme\u00a0 puis le t\u00e9l\u00e9phone a march\u00e9, les autres check point nous ont laiss\u00e9s passer avec des \u00ab\u00a0bienvenus\u00a0\u00bbPANNEAU SOLAIRE : tr\u00e8s efficace compte tenu du soleil permanentQ<a href=\"http:\/\/martine.tatangelo.com\/wp-content\/uploads\/2009\/10\/p1050949.jpg\"><img loading=\"lazy\" decoding=\"async\" style=\"border: 0px initial initial;\" src=\"http:\/\/martine.tatangelo.com\/wp-content\/uploads\/2009\/10\/p1050949-thumb.jpg\" border=\"0\" alt=\"P1050949\" width=\"260\" height=\"161\" align=\"left\" \/><\/a> Restaurant : en Syrie et en Turquie, ils ne sont pas chers et r\u00e9galez-vous des mezzes. En Jordanie, plus vous \u00eates pr\u00e8s de Petra, plus vous payez cher idem pour la Turquie sur la c\u00f4te m\u00e9dit\u00e9rann\u00e9e pr\u00e8s des sites touristiquesRAMADAN : aucun probl\u00e8me mais pas de resto le midi sauf en TurquieROUTE : excellente en Turquie beaucoup de 2&#215;2 voies en travaux pour la Turquie de l&rsquo;Est. La Syrie et la Jordanie ont un r\u00e9seau correcte.SITES : les sites arch\u00e9ologiques sont superbes quel que soit le pays, un vrai r\u00e9gal pour l&rsquo;amateur de vieilles pierres !SECURITE : jamais nous avons eu un sentiment d&rsquo;ins\u00e9curit\u00e9.<a href=\"http:\/\/martine.tatangelo.com\/wp-content\/uploads\/2009\/10\/p1050865.jpg\"><img loading=\"lazy\" decoding=\"async\" style=\"border: 0px initial initial;\" src=\"http:\/\/martine.tatangelo.com\/wp-content\/uploads\/2009\/10\/p1050865-thumb.jpg\" border=\"0\" alt=\"P1050865\" width=\"260\" height=\"159\" \/><\/a> <a href=\"http:\/\/martine.tatangelo.com\/wp-content\/uploads\/2009\/10\/p1060520.jpg\"><img loading=\"lazy\" decoding=\"async\" style=\"border: 0px initial initial;\" src=\"http:\/\/martine.tatangelo.com\/wp-content\/uploads\/2009\/10\/p1060520-thumb.jpg\" border=\"0\" alt=\"P1060520\" width=\"260\" height=\"204\" \/><\/a>TAXES : vous payerez en Syrie une taxe sur les v\u00e9hicules puis les taxes de sortie, en Jordanie seulement des taxes de sortieTCHAI : le th\u00e9 est la boisson traditionnelle et vous est offerte \u00e0 tout moment de la journ\u00e9e en signe de bienvenueTELEPHONE : le t\u00e9l\u00e9phone portable a r\u00e9volutionn\u00e9 la plan\u00e8te. Si le filaire est inexistant, le portable passe partout m\u00eame dans les coins les plus d\u00e9sertiques. Il est d&rsquo;ailleurs tr\u00e8s bon march\u00e9 et tout le monde a son portable!TEMPERATURE : entre 32 et 45\u00b0, \u00e9viter juillet et ao\u00fbt surtout pour la Syrie et Jordanie<a href=\"http:\/\/martine.tatangelo.com\/wp-content\/uploads\/2009\/10\/p1030839.jpg\"><img loading=\"lazy\" decoding=\"async\" style=\"border: 0px initial initial;\" src=\"http:\/\/martine.tatangelo.com\/wp-content\/uploads\/2009\/10\/p1030839-thumb.jpg\" border=\"0\" alt=\"P1030839\" width=\"260\" height=\"159\" \/><\/a> <a href=\"http:\/\/martine.tatangelo.com\/wp-content\/uploads\/2009\/10\/p1040138.jpg\"><img loading=\"lazy\" decoding=\"async\" style=\"border: 0px initial initial;\" src=\"http:\/\/martine.tatangelo.com\/wp-content\/uploads\/2009\/10\/p1040138-thumb.jpg\" border=\"0\" alt=\"P1040138\" width=\"260\" height=\"204\" \/><\/a>UTILE : une caisse \u00e0 outils, des pi\u00e8ces d\u00e9tach\u00e9es pour le frigo, une pompe \u00e0 eau de secours, des fusibles,\u00a0 courroies&#8230;..VETEMENTS : aucun probl\u00e8me sauf pour les mosqu\u00e9es o\u00f9 les femmes doivent \u00eatre voil\u00e9es et couvertes. En Turquie, les femmes sont habill\u00e9es \u00e0 l&rsquo;europ\u00e9enne. En campagne et la Turquie de l&rsquo;Est, le foulard est plus une coutume, il est d&rsquo;ailleurs tr\u00e8s color\u00e9 la plupart du temps et le pantalon ample reste de rigueur en campagne. Peu de femmes voil\u00e9es. En Syrie, dans les grandes villes, on trouve des femmes habill\u00e9es \u00e0 l&rsquo;europ\u00e9enne (mais pratiquement toujours avec un foulard et un grand manteau long) ou des femmes voil\u00e9es mais en Jordanie, on voit davantage de femmes voil\u00e9es.VENT : beaucoup de vent en SYRIE du aux thermiques l&rsquo;apr\u00e8s-midi mais nous permet de supporter mieux la chaleurVENTILATEUR : nous avions 2 ventilateurs 220v pour \u00e9viter la clim&rsquo; la nuit<\/p>\n","protected":false},"excerpt":{"rendered":"<p>ASSURANCE : nous sommes assur\u00e9s 3 mois \u00ab\u00a0monde\u00a0\u00bb en plus des pays not\u00e9s sur la&#8230;<\/p>\n","protected":false},"author":2,"featured_media":0,"parent":0,"menu_order":0,"comment_status":"open","ping_status":"open","template":"","meta":{"footnotes":""},"class_list":["post-4044","page","type-page","status-publish","hentry"],"_links":{"self":[{"href":"https:\/\/martine.tatangelo.com\/index.php\/wp-json\/wp\/v2\/pages\/4044","targetHints":{"allow":["GET"]}}],"collection":[{"href":"https:\/\/martine.tatangelo.com\/index.php\/wp-json\/wp\/v2\/pages"}],"about":[{"href":"https:\/\/martine.tatangelo.com\/index.php\/wp-json\/wp\/v2\/types\/page"}],"author":[{"embeddable":true,"href":"https:\/\/martine.tatangelo.com\/index.php\/wp-json\/wp\/v2\/users\/2"}],"replies":[{"embeddable":true,"href":"https:\/\/martine.tatangelo.com\/index.php\/wp-json\/wp\/v2\/comments?post=4044"}],"version-history":[{"count":3,"href":"https:\/\/martine.tatangelo.com\/index.php\/wp-json\/wp\/v2\/pages\/4044\/revisions"}],"predecessor-version":[{"id":4426,"href":"https:\/\/martine.tatangelo.com\/index.php\/wp-json\/wp\/v2\/pages\/4044\/revisions\/4426"}],"wp:attachment":[{"href":"https:\/\/martine.tatangelo.com\/index.php\/wp-json\/wp\/v2\/media?parent=4044"}],"curies":[{"name":"wp","href":"https:\/\/api.w.org\/{rel}","templated":true}]}}