{"id":4548,"date":"2011-02-13T16:51:35","date_gmt":"2011-02-13T15:51:35","guid":{"rendered":"http:\/\/martine.tatangelo.com\/index.php\/"},"modified":"2022-05-23T08:51:20","modified_gmt":"2022-05-23T07:51:20","slug":"camping-car-rmb","status":"publish","type":"page","link":"https:\/\/martine.tatangelo.com\/index.php\/camping-car-rmb\/","title":{"rendered":"Camping car Man"},"content":{"rendered":"<h3>CAMPING-CAR MAN\/RMB SIVER STAR<\/h3>\n<ul>\n<li>PORTEUR: Man TGL 210 CV poids lourd,<span style=\"font-weight: normal; font-size: 13px;\">Moteur diesel de 210 CV, boite 6 vitesses longues<\/span><\/li>\n<li>2 roues motrices en transmission arri\u00e8re, 24 Volt, suspensions<\/li>\n<li>Freins\u00a0 \u00e0 Air. 1 r\u00e9servoir de gaz o\u00efl 150 l, consommation\u00a0 18\u00a0\/20 L,<\/li>\n<li>Jantes Alu,<\/li>\n<li>climatisation cabine, r\u00e9gulateur de vitesse, ralentisseur sur \u00e9chappement, cabine am\u00e9nag\u00e9e placard haut, fauteuil conduite passager \u00e0 suspension Air, GPS Alpine, autoradio.<\/li>\n<\/ul>\n<p><a href=\"http:\/\/martine.tatangelo.com\/wp-content\/uploads\/2011\/02\/P1080679.jpg\"><img loading=\"lazy\" decoding=\"async\" class=\"aligncenter size-medium wp-image-4946\" title=\"P1080679\" src=\"http:\/\/martine.tatangelo.com\/wp-content\/uploads\/2011\/02\/P1080679-300x169.jpg\" alt=\"\" width=\"300\" height=\"169\" srcset=\"https:\/\/martine.tatangelo.com\/wp-content\/uploads\/2011\/02\/P1080679-300x169.jpg 300w, https:\/\/martine.tatangelo.com\/wp-content\/uploads\/2011\/02\/P1080679-1024x577.jpg 1024w\" sizes=\"auto, (max-width: 300px) 100vw, 300px\" \/><\/a><\/p>\n<h3>CELLULE\u00a0: Marque RMB, Mod\u00e8le Silver Star<\/h3>\n<p>Longueur\u00a0: 8,75 m\u00a0\u00a0\u00a0 \u00a0\u00a0\u00a0\u00a0Largeur\u00a0: 2,50 m\u00a0\u00a0\u00a0\u00a0\u00a0\u00a0\u00a0\u00a0\u00a0\u00a0\u00a0 \u00a0\u00a0\u00a0Hauteur\u00a0: 3,70 \u00a0 \u00a0 \u00a0 \u00a0 \u00a0 Poids\u00a0 en charge\u00a0: \u00a08T800<\/p>\n<ul>\n<li>Grand garage ,soute sur la totalit\u00e9 du plancher de la cellule.<\/li>\n<\/ul>\n<h3>EQUIPEMENTS<\/h3>\n<ul>\n<li>Chambre ind\u00e9pendante avec 2 lits jumeaux ou king-size commande \u00e9lectrique,<\/li>\n<li>2 placards hauts avec TV et lecteur DVD, 4 tiroirs sous lits 1 placard pour tableau \u00e9lectrique<\/li>\n<li>2 penderies avec 3 tiroirs,<\/li>\n<li>Salle de bain douche avec \u00a0Wc syst\u00e8me SOG avec r\u00e9servoirs de 150 L<\/li>\n<li>Lavabo sur meuble\u00a0 et placard haut,<\/li>\n<li>porte de s\u00e9paration chambre.<\/li>\n<li>Cuisine \u00e9quip\u00e9e, h\u00f4te aspirante, 4 feux gaz, lave vaisselle Dometic,Frigo Atmo\u00a0 7655 Rmt, 4 grands tiroirs bas, casiers 6 bouteilles, meuble haut cuisine<\/li>\n<li>meuble d\u2019angle toute Hauteur tournant pour vaisselle avec emplacement TV et lecteur DVD,<\/li>\n<li>table ronde en 2Demi -lune avec banquette arrondie avec \u00a0si\u00e8ges tournant chauffeur et passager.<\/li>\n<li>1 lit 140&#215;200 en pavillon<\/li>\n<li>2 climatiseurs 600\/1200\/1800 W ind\u00e9pendants, chambre et salon,<\/li>\n<li>Antenne automatique,<\/li>\n<li>Audio BOSS<\/li>\n<li>Chauffage\u00a0:\u00a0Chaudi\u00e8re\u00a0 ALDES \u00a0\u00e9lectricit\u00e9, gaz et \u00a0chauffage Gaz Oil\u00a0 WEBASTO<\/li>\n<li>2 bouteilles de gaz et une cuve GPL<\/li>\n<li>Store avec auvent<\/li>\n<\/ul>\n<p><a href=\"http:\/\/martine.tatangelo.com\/wp-content\/uploads\/2011\/02\/P1200644.jpg\"><img loading=\"lazy\" decoding=\"async\" class=\"aligncenter size-medium wp-image-4951\" title=\"P1200644\" src=\"http:\/\/martine.tatangelo.com\/wp-content\/uploads\/2011\/02\/P1200644-300x225.jpg\" alt=\"\" width=\"300\" height=\"225\" srcset=\"https:\/\/martine.tatangelo.com\/wp-content\/uploads\/2011\/02\/P1200644-300x225.jpg 300w, https:\/\/martine.tatangelo.com\/wp-content\/uploads\/2011\/02\/P1200644.jpg 640w\" sizes=\"auto, (max-width: 300px) 100vw, 300px\" \/><\/a><\/p>\n<h3>AUTONOMIES\u00a0:<\/h3>\n<ul>\n<li>GAZ OIL\u00a0: 650+50 Km , 150 Litres<\/li>\n<li>SOLAIRE\u00a0: 2 panneaux de 120 W et 225 W avec contr\u00f4leur digital<\/li>\n<li>ELECTRICITE\u00a0: 4 batteries AGM de 120 A\/12V<\/li>\n<li>Convertisseur 220\/12 V de 2500 VA de cher VICTRON, 220 V permanent,<\/li>\n<li>Alternateur 12 V pour pack 4 batteries ind\u00e9pendantes,<\/li>\n<li>R\u00e9gulateur de tension 220\/230 en t\u00eate de la prise Parc<\/li>\n<li>EAU: 400L d\u2019eau propre, 250 L eau grise, 150 L eau noire,<\/li>\n<li>Remplissage eau propre par pompe auxiliare 220 V.<\/li>\n<li>GAZ\u00a0: Cuve GPL de 40 Kg et 2 bouteilles 13 KG<\/li>\n<\/ul>\n<p><a href=\"http:\/\/martine.tatangelo.com\/wp-content\/uploads\/2011\/02\/P1140751.jpg\"><img loading=\"lazy\" decoding=\"async\" class=\"aligncenter size-medium wp-image-4953\" title=\"P1140751\" src=\"http:\/\/martine.tatangelo.com\/wp-content\/uploads\/2011\/02\/P1140751-300x225.jpg\" alt=\"\" width=\"300\" height=\"225\" srcset=\"https:\/\/martine.tatangelo.com\/wp-content\/uploads\/2011\/02\/P1140751-300x225.jpg 300w, https:\/\/martine.tatangelo.com\/wp-content\/uploads\/2011\/02\/P1140751-1024x768.jpg 1024w\" sizes=\"auto, (max-width: 300px) 100vw, 300px\" \/><\/a><\/p>\n<h3>ACCESSOIRES\u00a0:<\/h3>\n<ul>\n<li>Compresseur ind\u00e9pendant 220 V<\/li>\n<li>Pompe auxiliaire pour \u00a0remplissage r\u00e9servoir d\u2019eau 220 V<\/li>\n<li>Scooter Yamaha Xmax 125<\/li>\n<li>Porte moto \u00e9lectrique treuil 12 V<\/li>\n<li>Lave-linge \u00a03,5 Kg 220 V<\/li>\n<li>Coffre dans soute 2 tiroirs 1500x300x250mm<\/li>\n<li>Caisse Outillage, sangle d\u00e9pannage, etc\u00a0 \u2026\u2026<\/li>\n<li>Coffre pi\u00e8ces de rechange<\/li>\n<li>8 Caisses 500x300X300 mm pour stockage<\/li>\n<li>barbecue branch\u00e9 directement sur le GPL du camion<\/li>\n<\/ul>\n<p><a href=\"http:\/\/martine.tatangelo.com\/wp-content\/uploads\/2011\/02\/P1020739.jpg\"><img loading=\"lazy\" decoding=\"async\" class=\"aligncenter size-medium wp-image-4947\" title=\"P1020739\" src=\"http:\/\/martine.tatangelo.com\/wp-content\/uploads\/2011\/02\/P1020739-300x169.jpg\" alt=\"\" width=\"300\" height=\"169\" srcset=\"https:\/\/martine.tatangelo.com\/wp-content\/uploads\/2011\/02\/P1020739-300x169.jpg 300w, https:\/\/martine.tatangelo.com\/wp-content\/uploads\/2011\/02\/P1020739-1024x577.jpg 1024w\" sizes=\"auto, (max-width: 300px) 100vw, 300px\" \/><\/a><\/p>\n","protected":false},"excerpt":{"rendered":"<p>CAMPING-CAR MAN\/RMB SIVER STAR PORTEUR: Man TGL 210 CV poids lourd,Moteur diesel de 210 CV,&#8230;<\/p>\n","protected":false},"author":3,"featured_media":0,"parent":0,"menu_order":0,"comment_status":"open","ping_status":"open","template":"","meta":{"footnotes":""},"class_list":["post-4548","page","type-page","status-publish","hentry"],"_links":{"self":[{"href":"https:\/\/martine.tatangelo.com\/index.php\/wp-json\/wp\/v2\/pages\/4548","targetHints":{"allow":["GET"]}}],"collection":[{"href":"https:\/\/martine.tatangelo.com\/index.php\/wp-json\/wp\/v2\/pages"}],"about":[{"href":"https:\/\/martine.tatangelo.com\/index.php\/wp-json\/wp\/v2\/types\/page"}],"author":[{"embeddable":true,"href":"https:\/\/martine.tatangelo.com\/index.php\/wp-json\/wp\/v2\/users\/3"}],"replies":[{"embeddable":true,"href":"https:\/\/martine.tatangelo.com\/index.php\/wp-json\/wp\/v2\/comments?post=4548"}],"version-history":[{"count":18,"href":"https:\/\/martine.tatangelo.com\/index.php\/wp-json\/wp\/v2\/pages\/4548\/revisions"}],"predecessor-version":[{"id":13379,"href":"https:\/\/martine.tatangelo.com\/index.php\/wp-json\/wp\/v2\/pages\/4548\/revisions\/13379"}],"wp:attachment":[{"href":"https:\/\/martine.tatangelo.com\/index.php\/wp-json\/wp\/v2\/media?parent=4548"}],"curies":[{"name":"wp","href":"https:\/\/api.w.org\/{rel}","templated":true}]}}